{"id":34,"date":"2016-09-14T01:09:39","date_gmt":"2016-09-14T01:09:39","guid":{"rendered":"http:\/\/totaltheme.wpengine.com\/charlotte\/?page_id=34"},"modified":"2020-06-27T02:29:44","modified_gmt":"2020-06-27T02:29:44","slug":"homepage","status":"publish","type":"page","link":"https:\/\/www.infracounter.com\/weblog\/","title":{"rendered":"Inicio"},"content":{"rendered":"[vc_row][vc_column][vc_single_image image=\u00bb117&#8243;][vc_column_text]\n<p style=\"text-align: justify;\"><span style=\"font-size: 18px; font-family: 'Open Sans';\">Un espacio que explorar e interactuar con otras personas dejando tus opiniones en los comentarios; encontrar\u00e1s datos puntuales sobre esta herramienta, no hay motivo para limitar tus habilidades cuando hay suficientes celdas para usar.<\/span><\/p>\n[\/vc_column_text][\/vc_column][\/vc_row][vc_row][vc_column][vc_column_text]\n<p style=\"text-align: justify;\"><span style=\"font-size: 18px; font-family: 'Open Sans';\">En este Web blog tendr\u00e1s como base la suficiente informaci\u00f3n para que al d\u00eda de ma\u00f1ana logres crear tus IA-formatos; sigue explorando. Para complementar tu conocimiento sobre esta herramienta de Excel, te invito a que d<\/span><span style=\"font-size: 18px; font-family: 'Open Sans';\">escargues las plantillas IA-Formatos sin costo o puedes adquirirlas con un valor de inversi\u00f3n si es de gran ayuda para realizar tus actividades. As\u00ed que espero tus comentarios de como te fue con estas plantillas.<\/span><\/p>\n[\/vc_column_text][vc_empty_space][vc_btn title=\u00bbExplorar\u00bb style=\u00bbcustom\u00bb custom_background=\u00bb#00b0b9&#8243; custom_text=\u00bb#ffffff\u00bb shape=\u00bbround\u00bb align=\u00bbcenter\u00bb link=\u00bburl:https%3A%2F%2Fwww.infracounter.com%2Ftienda%2F||target:%20_blank|\u00bb][\/vc_column][\/vc_row]\n","protected":false},"excerpt":{"rendered":"<p>[vc_row][vc_column][vc_single_image image=\u00bb117&#8243;][vc_column_text] Un espacio que explorar e interactuar con otras personas dejando tus opiniones en los comentarios; encontrar\u00e1s datos puntuales sobre esta herramienta, no hay motivo para limitar tus habilidades cuando hay suficientes celdas para usar. [\/vc_column_text][\/vc_column][\/vc_row][vc_row][vc_column][vc_column_text] En este Web blog tendr\u00e1s como base la suficiente informaci\u00f3n para que al d\u00eda de ma\u00f1ana logres crear&hellip;<\/p>\n","protected":false},"author":1,"featured_media":199,"parent":0,"menu_order":0,"comment_status":"closed","ping_status":"closed","template":"templates\/blog.php","meta":{"_monsterinsights_skip_tracking":false,"_monsterinsights_sitenote_active":false,"_monsterinsights_sitenote_note":"","_monsterinsights_sitenote_category":0,"footnotes":""},"yoast_head":"<!-- This site is optimized with the Yoast SEO plugin v22.8 - https:\/\/yoast.com\/wordpress\/plugins\/seo\/ -->\n<title>Blog Excel de Infracounter un espacio que explorar e interactuar<\/title>\n<meta name=\"description\" content=\"Blog Excel de infracounter un espacio a explorar e interactuar, comparte tus opiniones en los comentarios, encontras datos puntuales sobre esta herramienta\" \/>\n<meta name=\"robots\" content=\"index, follow, max-snippet:-1, max-image-preview:large, max-video-preview:-1\" \/>\n<link rel=\"canonical\" href=\"https:\/\/www.infracounter.com\/weblog\/\" \/>\n<meta property=\"og:locale\" content=\"es_ES\" \/>\n<meta property=\"og:type\" content=\"article\" \/>\n<meta property=\"og:title\" content=\"Blog Excel de Infracounter un espacio que explorar e interactuar\" \/>\n<meta property=\"og:description\" content=\"Blog Excel de infracounter un espacio a explorar e interactuar, comparte tus opiniones en los comentarios, encontras datos puntuales sobre esta herramienta\" \/>\n<meta property=\"og:url\" content=\"https:\/\/www.infracounter.com\/weblog\/\" \/>\n<meta property=\"og:site_name\" content=\"Weblog\" \/>\n<meta property=\"article:modified_time\" content=\"2020-06-27T02:29:44+00:00\" \/>\n<meta property=\"og:image\" content=\"https:\/\/www.infracounter.com\/weblog\/wp-content\/uploads\/sites\/6\/2020\/05\/blog-excel-04.png\" \/>\n\t<meta property=\"og:image:width\" content=\"2725\" \/>\n\t<meta property=\"og:image:height\" content=\"1262\" \/>\n\t<meta property=\"og:image:type\" content=\"image\/png\" \/>\n<meta name=\"twitter:card\" content=\"summary_large_image\" \/>\n<meta name=\"twitter:label1\" content=\"Tiempo de lectura\" \/>\n\t<meta name=\"twitter:data1\" content=\"1 minuto\" \/>\n<script type=\"application\/ld+json\" class=\"yoast-schema-graph\">{\"@context\":\"https:\/\/schema.org\",\"@graph\":[{\"@type\":\"WebPage\",\"@id\":\"https:\/\/www.infracounter.com\/weblog\/\",\"url\":\"https:\/\/www.infracounter.com\/weblog\/\",\"name\":\"Blog Excel de Infracounter un espacio que explorar e interactuar\",\"isPartOf\":{\"@id\":\"https:\/\/www.infracounter.com\/weblog\/#website\"},\"primaryImageOfPage\":{\"@id\":\"https:\/\/www.infracounter.com\/weblog\/#primaryimage\"},\"image\":{\"@id\":\"https:\/\/www.infracounter.com\/weblog\/#primaryimage\"},\"thumbnailUrl\":\"https:\/\/www.infracounter.com\/weblog\/wp-content\/uploads\/sites\/6\/2020\/05\/blog-excel-04.png\",\"datePublished\":\"2016-09-14T01:09:39+00:00\",\"dateModified\":\"2020-06-27T02:29:44+00:00\",\"description\":\"Blog Excel de infracounter un espacio a explorar e interactuar, comparte tus opiniones en los comentarios, encontras datos puntuales sobre esta herramienta\",\"breadcrumb\":{\"@id\":\"https:\/\/www.infracounter.com\/weblog\/#breadcrumb\"},\"inLanguage\":\"es\",\"potentialAction\":[{\"@type\":\"ReadAction\",\"target\":[\"https:\/\/www.infracounter.com\/weblog\/\"]}]},{\"@type\":\"ImageObject\",\"inLanguage\":\"es\",\"@id\":\"https:\/\/www.infracounter.com\/weblog\/#primaryimage\",\"url\":\"https:\/\/www.infracounter.com\/weblog\/wp-content\/uploads\/sites\/6\/2020\/05\/blog-excel-04.png\",\"contentUrl\":\"https:\/\/www.infracounter.com\/weblog\/wp-content\/uploads\/sites\/6\/2020\/05\/blog-excel-04.png\",\"width\":2725,\"height\":1262,\"caption\":\"blogexcel-04\"},{\"@type\":\"BreadcrumbList\",\"@id\":\"https:\/\/www.infracounter.com\/weblog\/#breadcrumb\",\"itemListElement\":[{\"@type\":\"ListItem\",\"position\":1,\"name\":\"Portada\",\"item\":\"https:\/\/www.infracounter.com\/weblog\/\"},{\"@type\":\"ListItem\",\"position\":2,\"name\":\"Inicio\"}]},{\"@type\":\"WebSite\",\"@id\":\"https:\/\/www.infracounter.com\/weblog\/#website\",\"url\":\"https:\/\/www.infracounter.com\/weblog\/\",\"name\":\"Weblog\",\"description\":\"Otro sitio m\u00e1s de Infracounter sitios\",\"publisher\":{\"@id\":\"https:\/\/www.infracounter.com\/weblog\/#organization\"},\"potentialAction\":[{\"@type\":\"SearchAction\",\"target\":{\"@type\":\"EntryPoint\",\"urlTemplate\":\"https:\/\/www.infracounter.com\/weblog\/?s={search_term_string}\"},\"query-input\":\"required name=search_term_string\"}],\"inLanguage\":\"es\"},{\"@type\":\"Organization\",\"@id\":\"https:\/\/www.infracounter.com\/weblog\/#organization\",\"name\":\"Weblog\",\"url\":\"https:\/\/www.infracounter.com\/weblog\/\",\"logo\":{\"@type\":\"ImageObject\",\"inLanguage\":\"es\",\"@id\":\"https:\/\/www.infracounter.com\/weblog\/#\/schema\/logo\/image\/\",\"url\":\"https:\/\/www.infracounter.com\/weblog\/wp-content\/uploads\/sites\/6\/2020\/05\/blog-excel-03.png\",\"contentUrl\":\"https:\/\/www.infracounter.com\/weblog\/wp-content\/uploads\/sites\/6\/2020\/05\/blog-excel-03.png\",\"width\":2725,\"height\":1262,\"caption\":\"Weblog\"},\"image\":{\"@id\":\"https:\/\/www.infracounter.com\/weblog\/#\/schema\/logo\/image\/\"}}]}<\/script>\n<!-- \/ Yoast SEO plugin. -->","yoast_head_json":{"title":"Blog Excel de Infracounter un espacio que explorar e interactuar","description":"Blog Excel de infracounter un espacio a explorar e interactuar, comparte tus opiniones en los comentarios, encontras datos puntuales sobre esta herramienta","robots":{"index":"index","follow":"follow","max-snippet":"max-snippet:-1","max-image-preview":"max-image-preview:large","max-video-preview":"max-video-preview:-1"},"canonical":"https:\/\/www.infracounter.com\/weblog\/","og_locale":"es_ES","og_type":"article","og_title":"Blog Excel de Infracounter un espacio que explorar e interactuar","og_description":"Blog Excel de infracounter un espacio a explorar e interactuar, comparte tus opiniones en los comentarios, encontras datos puntuales sobre esta herramienta","og_url":"https:\/\/www.infracounter.com\/weblog\/","og_site_name":"Weblog","article_modified_time":"2020-06-27T02:29:44+00:00","og_image":[{"width":2725,"height":1262,"url":"https:\/\/www.infracounter.com\/weblog\/wp-content\/uploads\/sites\/6\/2020\/05\/blog-excel-04.png","type":"image\/png"}],"twitter_card":"summary_large_image","twitter_misc":{"Tiempo de lectura":"1 minuto"},"schema":{"@context":"https:\/\/schema.org","@graph":[{"@type":"WebPage","@id":"https:\/\/www.infracounter.com\/weblog\/","url":"https:\/\/www.infracounter.com\/weblog\/","name":"Blog Excel de Infracounter un espacio que explorar e interactuar","isPartOf":{"@id":"https:\/\/www.infracounter.com\/weblog\/#website"},"primaryImageOfPage":{"@id":"https:\/\/www.infracounter.com\/weblog\/#primaryimage"},"image":{"@id":"https:\/\/www.infracounter.com\/weblog\/#primaryimage"},"thumbnailUrl":"https:\/\/www.infracounter.com\/weblog\/wp-content\/uploads\/sites\/6\/2020\/05\/blog-excel-04.png","datePublished":"2016-09-14T01:09:39+00:00","dateModified":"2020-06-27T02:29:44+00:00","description":"Blog Excel de infracounter un espacio a explorar e interactuar, comparte tus opiniones en los comentarios, encontras datos puntuales sobre esta herramienta","breadcrumb":{"@id":"https:\/\/www.infracounter.com\/weblog\/#breadcrumb"},"inLanguage":"es","potentialAction":[{"@type":"ReadAction","target":["https:\/\/www.infracounter.com\/weblog\/"]}]},{"@type":"ImageObject","inLanguage":"es","@id":"https:\/\/www.infracounter.com\/weblog\/#primaryimage","url":"https:\/\/www.infracounter.com\/weblog\/wp-content\/uploads\/sites\/6\/2020\/05\/blog-excel-04.png","contentUrl":"https:\/\/www.infracounter.com\/weblog\/wp-content\/uploads\/sites\/6\/2020\/05\/blog-excel-04.png","width":2725,"height":1262,"caption":"blogexcel-04"},{"@type":"BreadcrumbList","@id":"https:\/\/www.infracounter.com\/weblog\/#breadcrumb","itemListElement":[{"@type":"ListItem","position":1,"name":"Portada","item":"https:\/\/www.infracounter.com\/weblog\/"},{"@type":"ListItem","position":2,"name":"Inicio"}]},{"@type":"WebSite","@id":"https:\/\/www.infracounter.com\/weblog\/#website","url":"https:\/\/www.infracounter.com\/weblog\/","name":"Weblog","description":"Otro sitio m\u00e1s de Infracounter sitios","publisher":{"@id":"https:\/\/www.infracounter.com\/weblog\/#organization"},"potentialAction":[{"@type":"SearchAction","target":{"@type":"EntryPoint","urlTemplate":"https:\/\/www.infracounter.com\/weblog\/?s={search_term_string}"},"query-input":"required name=search_term_string"}],"inLanguage":"es"},{"@type":"Organization","@id":"https:\/\/www.infracounter.com\/weblog\/#organization","name":"Weblog","url":"https:\/\/www.infracounter.com\/weblog\/","logo":{"@type":"ImageObject","inLanguage":"es","@id":"https:\/\/www.infracounter.com\/weblog\/#\/schema\/logo\/image\/","url":"https:\/\/www.infracounter.com\/weblog\/wp-content\/uploads\/sites\/6\/2020\/05\/blog-excel-03.png","contentUrl":"https:\/\/www.infracounter.com\/weblog\/wp-content\/uploads\/sites\/6\/2020\/05\/blog-excel-03.png","width":2725,"height":1262,"caption":"Weblog"},"image":{"@id":"https:\/\/www.infracounter.com\/weblog\/#\/schema\/logo\/image\/"}}]}},"_links":{"self":[{"href":"https:\/\/www.infracounter.com\/weblog\/wp-json\/wp\/v2\/pages\/34"}],"collection":[{"href":"https:\/\/www.infracounter.com\/weblog\/wp-json\/wp\/v2\/pages"}],"about":[{"href":"https:\/\/www.infracounter.com\/weblog\/wp-json\/wp\/v2\/types\/page"}],"author":[{"embeddable":true,"href":"https:\/\/www.infracounter.com\/weblog\/wp-json\/wp\/v2\/users\/1"}],"replies":[{"embeddable":true,"href":"https:\/\/www.infracounter.com\/weblog\/wp-json\/wp\/v2\/comments?post=34"}],"version-history":[{"count":7,"href":"https:\/\/www.infracounter.com\/weblog\/wp-json\/wp\/v2\/pages\/34\/revisions"}],"predecessor-version":[{"id":310,"href":"https:\/\/www.infracounter.com\/weblog\/wp-json\/wp\/v2\/pages\/34\/revisions\/310"}],"wp:featuredmedia":[{"embeddable":true,"href":"https:\/\/www.infracounter.com\/weblog\/wp-json\/wp\/v2\/media\/199"}],"wp:attachment":[{"href":"https:\/\/www.infracounter.com\/weblog\/wp-json\/wp\/v2\/media?parent=34"}],"curies":[{"name":"wp","href":"https:\/\/api.w.org\/{rel}","templated":true}]}}